{"id":2019,"date":"2020-10-07T10:11:43","date_gmt":"2020-10-07T14:11:43","guid":{"rendered":"http:\/\/www.pedrogiraudo.com\/web\/?post_type=product&#038;p=2019"},"modified":"2022-10-26T12:03:46","modified_gmt":"2022-10-26T16:03:46","slug":"la-luciernaga-quartet","status":"publish","type":"product","link":"https:\/\/www.pedrogiraudo.com\/web\/product\/la-luciernaga-quartet\/","title":{"rendered":"La Luciernaga &#8211; Quartet"},"content":{"rendered":"<p>&#8220;La Luci\u00e9rnaga&#8221; (Milonga) by Jos\u00e9 Dames &amp; Jos\u00e9 Amigo<\/p>\n<p>Arranged by Pedro Giraudo for Tango Quartet.<\/p>\n","protected":false},"excerpt":{"rendered":"<p>&#8220;La luci\u00e9rnaga&#8221; (Milonga) by Jos\u00e9 Dames &amp; Jos\u00e9 Amigo<\/p>\n<p>Arranged by Pedro Giraudo for violin, bandoneon, piano and bass. Note: this is an original arrangement, not a transcription. Here, the tango orchestra version:<\/p>\n<p>https:\/\/www.youtube.com\/watch?v=jiynfh0-p7M<\/p>\n","protected":false},"featured_media":2021,"comment_status":"open","ping_status":"closed","template":"","meta":[],"product_brand":[],"product_cat":[31,27],"product_tag":[46,44,22,43,45],"class_list":{"0":"post-2019","1":"product","2":"type-product","3":"status-publish","4":"has-post-thumbnail","6":"product_cat-tango","7":"product_cat-arrangements-for-quartet","8":"product_tag-arrangement","9":"product_tag-music","10":"product_tag-pdf","11":"product_tag-tango","12":"product_tag-transcription","14":"first","15":"instock","16":"sale","17":"downloadable","18":"virtual","19":"purchasable","20":"product-type-simple"},"_links":{"self":[{"href":"https:\/\/www.pedrogiraudo.com\/web\/wp-json\/wp\/v2\/product\/2019","targetHints":{"allow":["GET"]}}],"collection":[{"href":"https:\/\/www.pedrogiraudo.com\/web\/wp-json\/wp\/v2\/product"}],"about":[{"href":"https:\/\/www.pedrogiraudo.com\/web\/wp-json\/wp\/v2\/types\/product"}],"replies":[{"embeddable":true,"href":"https:\/\/www.pedrogiraudo.com\/web\/wp-json\/wp\/v2\/comments?post=2019"}],"wp:featuredmedia":[{"embeddable":true,"href":"https:\/\/www.pedrogiraudo.com\/web\/wp-json\/wp\/v2\/media\/2021"}],"wp:attachment":[{"href":"https:\/\/www.pedrogiraudo.com\/web\/wp-json\/wp\/v2\/media?parent=2019"}],"wp:term":[{"taxonomy":"product_brand","embeddable":true,"href":"https:\/\/www.pedrogiraudo.com\/web\/wp-json\/wp\/v2\/product_brand?post=2019"},{"taxonomy":"product_cat","embeddable":true,"href":"https:\/\/www.pedrogiraudo.com\/web\/wp-json\/wp\/v2\/product_cat?post=2019"},{"taxonomy":"product_tag","embeddable":true,"href":"https:\/\/www.pedrogiraudo.com\/web\/wp-json\/wp\/v2\/product_tag?post=2019"}],"curies":[{"name":"wp","href":"https:\/\/api.w.org\/{rel}","templated":true}]}}