{"id":3219,"date":"2022-08-01T16:51:19","date_gmt":"2022-08-01T20:51:19","guid":{"rendered":"http:\/\/www.pedrogiraudo.com\/web\/?post_type=product&#038;p=3219"},"modified":"2025-05-04T16:42:19","modified_gmt":"2025-05-04T20:42:19","slug":"laluciernaga-string-quintet","status":"publish","type":"product","link":"https:\/\/www.pedrogiraudo.com\/web\/product\/laluciernaga-string-quintet\/","title":{"rendered":"La Luci\u00e9rnaga &#8211; String Quintet"},"content":{"rendered":"<p>&#8216;La Luci\u00e9rnaga&#8217; ( Jos\u00e9 Dames &amp; Jos\u00e9 Amigo, arranged by Pedro Giraudo)<\/p>\n<p>Violin 1, Violin 2, Viola, Cello, Bass<\/p>\n<p>&nbsp;<\/p>\n","protected":false},"excerpt":{"rendered":"<p>&#8216;La Luci\u00e9rnaga&#8217; ( Jos\u00e9 Dames &amp; Jos\u00e9 Amigo, arranged by Pedro Giraudo)<\/p>\n<p>Violin 1, Violin 2, Viola, Cello, Bass<\/p>\n<p>&nbsp;<\/p>\n","protected":false},"featured_media":3226,"comment_status":"open","ping_status":"closed","template":"","meta":[],"product_brand":[],"product_cat":[31,52,105],"product_tag":[49,65,64,43],"class_list":{"0":"post-3219","1":"product","2":"type-product","3":"status-publish","4":"has-post-thumbnail","6":"product_cat-tango","7":"product_cat-strings","8":"product_cat-string-quintet","9":"product_tag-bass","10":"product_tag-chamber-music","11":"product_tag-string-quintet","12":"product_tag-tango","14":"first","15":"instock","16":"sale","17":"downloadable","18":"virtual","19":"purchasable","20":"product-type-simple"},"_links":{"self":[{"href":"https:\/\/www.pedrogiraudo.com\/web\/wp-json\/wp\/v2\/product\/3219","targetHints":{"allow":["GET"]}}],"collection":[{"href":"https:\/\/www.pedrogiraudo.com\/web\/wp-json\/wp\/v2\/product"}],"about":[{"href":"https:\/\/www.pedrogiraudo.com\/web\/wp-json\/wp\/v2\/types\/product"}],"replies":[{"embeddable":true,"href":"https:\/\/www.pedrogiraudo.com\/web\/wp-json\/wp\/v2\/comments?post=3219"}],"wp:featuredmedia":[{"embeddable":true,"href":"https:\/\/www.pedrogiraudo.com\/web\/wp-json\/wp\/v2\/media\/3226"}],"wp:attachment":[{"href":"https:\/\/www.pedrogiraudo.com\/web\/wp-json\/wp\/v2\/media?parent=3219"}],"wp:term":[{"taxonomy":"product_brand","embeddable":true,"href":"https:\/\/www.pedrogiraudo.com\/web\/wp-json\/wp\/v2\/product_brand?post=3219"},{"taxonomy":"product_cat","embeddable":true,"href":"https:\/\/www.pedrogiraudo.com\/web\/wp-json\/wp\/v2\/product_cat?post=3219"},{"taxonomy":"product_tag","embeddable":true,"href":"https:\/\/www.pedrogiraudo.com\/web\/wp-json\/wp\/v2\/product_tag?post=3219"}],"curies":[{"name":"wp","href":"https:\/\/api.w.org\/{rel}","templated":true}]}}