{"id":3489,"date":"2023-03-02T17:34:28","date_gmt":"2023-03-02T22:34:28","guid":{"rendered":"http:\/\/www.pedrogiraudo.com\/web\/?post_type=product&#038;p=3489"},"modified":"2023-11-19T11:05:58","modified_gmt":"2023-11-19T16:05:58","slug":"preparensebandoneonpiano","status":"publish","type":"product","link":"https:\/\/www.pedrogiraudo.com\/web\/product\/preparensebandoneonpiano\/","title":{"rendered":"&#8220;Prep\u00e1rense&#8221; for bandoneon and piano"},"content":{"rendered":"<p>&#8220;Prep\u00e1rense&#8221; (Astor Piazzolla) arranged by Pedro Giraudo for bandone\u00f3n &amp; piano.<\/p>\n","protected":false},"excerpt":{"rendered":"<p>&#8220;Prep\u00e1rense&#8221; (Astor Piazzolla) arranged by Pedro Giraudo for bandone\u00f3n &amp; piano.<\/p>\n","protected":false},"featured_media":2502,"comment_status":"closed","ping_status":"closed","template":"","meta":[],"product_brand":[],"product_cat":[31,79],"product_tag":[],"class_list":{"0":"post-3489","1":"product","2":"type-product","3":"status-publish","4":"has-post-thumbnail","6":"product_cat-tango","7":"product_cat-bandoneonandpiano","9":"first","10":"instock","11":"downloadable","12":"virtual","13":"purchasable","14":"product-type-simple"},"_links":{"self":[{"href":"https:\/\/www.pedrogiraudo.com\/web\/wp-json\/wp\/v2\/product\/3489","targetHints":{"allow":["GET"]}}],"collection":[{"href":"https:\/\/www.pedrogiraudo.com\/web\/wp-json\/wp\/v2\/product"}],"about":[{"href":"https:\/\/www.pedrogiraudo.com\/web\/wp-json\/wp\/v2\/types\/product"}],"replies":[{"embeddable":true,"href":"https:\/\/www.pedrogiraudo.com\/web\/wp-json\/wp\/v2\/comments?post=3489"}],"wp:featuredmedia":[{"embeddable":true,"href":"https:\/\/www.pedrogiraudo.com\/web\/wp-json\/wp\/v2\/media\/2502"}],"wp:attachment":[{"href":"https:\/\/www.pedrogiraudo.com\/web\/wp-json\/wp\/v2\/media?parent=3489"}],"wp:term":[{"taxonomy":"product_brand","embeddable":true,"href":"https:\/\/www.pedrogiraudo.com\/web\/wp-json\/wp\/v2\/product_brand?post=3489"},{"taxonomy":"product_cat","embeddable":true,"href":"https:\/\/www.pedrogiraudo.com\/web\/wp-json\/wp\/v2\/product_cat?post=3489"},{"taxonomy":"product_tag","embeddable":true,"href":"https:\/\/www.pedrogiraudo.com\/web\/wp-json\/wp\/v2\/product_tag?post=3489"}],"curies":[{"name":"wp","href":"https:\/\/api.w.org\/{rel}","templated":true}]}}