{"id":3534,"date":"2023-03-02T19:57:33","date_gmt":"2023-03-03T00:57:33","guid":{"rendered":"http:\/\/www.pedrogiraudo.com\/web\/?post_type=product&#038;p=3534"},"modified":"2023-11-19T11:05:58","modified_gmt":"2023-11-19T16:05:58","slug":"estaciones-portenas-piano-sextet","status":"publish","type":"product","link":"https:\/\/www.pedrogiraudo.com\/web\/product\/estaciones-portenas-piano-sextet\/","title":{"rendered":"&#8221; 4 Estaciones Porte\u00f1as&#8221; (Piano Sextet) &#8211; (4 seasons)"},"content":{"rendered":"<p>The complete set of Astor Piazzolla&#8217;s master piece: &#8220;Estaciones Porte\u00f1as&#8221;.<\/p>\n<p>Includes: &#8220;Invierno Porte\u00f1o&#8221;, &#8220;Primavera Porte\u00f1a&#8221;, &#8220;Verano Porte\u00f1o&#8221; and &#8220;Oto\u00f1o Porte\u00f1o&#8221; arranged by Pedro Giraudo for Piano Sextet<\/p>\n<p>Piano, Violin I, Violin II, Viola, Cello &amp; Bass<\/p>\n","protected":false},"excerpt":{"rendered":"<p>The complete set of Astor Piazzolla&#8217;s master piece: &#8220;Estaciones Porte\u00f1as&#8221;.<\/p>\n<p>Includes: &#8220;Invierno Porte\u00f1o&#8221;, &#8220;Primavera Porte\u00f1a&#8221;, &#8220;Verano Porte\u00f1o&#8221; and &#8220;Oto\u00f1o Porte\u00f1o&#8221; arranged by Pedro Giraudo for Piano Sextet<\/p>\n<p>Piano, Violin I, Violin II, Viola, Cello &amp; Bass<\/p>\n","protected":false},"featured_media":2502,"comment_status":"closed","ping_status":"closed","template":"","meta":[],"product_brand":[],"product_cat":[31,81],"product_tag":[83,82,84,56,85,43],"class_list":{"0":"post-3534","1":"product","2":"type-product","3":"status-publish","4":"has-post-thumbnail","6":"product_cat-tango","7":"product_cat-pianoquintet","8":"product_tag-astor-piazzolla","9":"product_tag-estaciones-portenas","10":"product_tag-piano-quintet","11":"product_tag-piazzolla","12":"product_tag-seasons","13":"product_tag-tango","15":"first","16":"instock","17":"sale","18":"downloadable","19":"virtual","20":"purchasable","21":"product-type-simple"},"_links":{"self":[{"href":"https:\/\/www.pedrogiraudo.com\/web\/wp-json\/wp\/v2\/product\/3534","targetHints":{"allow":["GET"]}}],"collection":[{"href":"https:\/\/www.pedrogiraudo.com\/web\/wp-json\/wp\/v2\/product"}],"about":[{"href":"https:\/\/www.pedrogiraudo.com\/web\/wp-json\/wp\/v2\/types\/product"}],"replies":[{"embeddable":true,"href":"https:\/\/www.pedrogiraudo.com\/web\/wp-json\/wp\/v2\/comments?post=3534"}],"wp:featuredmedia":[{"embeddable":true,"href":"https:\/\/www.pedrogiraudo.com\/web\/wp-json\/wp\/v2\/media\/2502"}],"wp:attachment":[{"href":"https:\/\/www.pedrogiraudo.com\/web\/wp-json\/wp\/v2\/media?parent=3534"}],"wp:term":[{"taxonomy":"product_brand","embeddable":true,"href":"https:\/\/www.pedrogiraudo.com\/web\/wp-json\/wp\/v2\/product_brand?post=3534"},{"taxonomy":"product_cat","embeddable":true,"href":"https:\/\/www.pedrogiraudo.com\/web\/wp-json\/wp\/v2\/product_cat?post=3534"},{"taxonomy":"product_tag","embeddable":true,"href":"https:\/\/www.pedrogiraudo.com\/web\/wp-json\/wp\/v2\/product_tag?post=3534"}],"curies":[{"name":"wp","href":"https:\/\/api.w.org\/{rel}","templated":true}]}}