{"id":5296,"date":"2026-03-10T14:21:09","date_gmt":"2026-03-10T18:21:09","guid":{"rendered":"https:\/\/www.pedrogiraudo.com\/web\/?post_type=product&#038;p=5296"},"modified":"2026-03-10T14:21:09","modified_gmt":"2026-03-10T18:21:09","slug":"el-ultimo-cafe-eb-major","status":"publish","type":"product","link":"https:\/\/www.pedrogiraudo.com\/web\/product\/el-ultimo-cafe-eb-major\/","title":{"rendered":"El \u00faltimo caf\u00e9 &#8211; Eb major"},"content":{"rendered":"<p>El \u00faltimo caf\u00e9 &#8211; (Eb major)<\/p>\n<p>Music: H\u00e9ctor Stamponi<br \/>\nLyrics: C\u00e1tulo Castillo<\/p>\n<p>Arranged for voice, violin, bandoneon, piano and bass<\/p>\n","protected":false},"excerpt":{"rendered":"<p>El \u00faltimo caf\u00e9 &#8211; (Eb major)<\/p>\n<p>Music: H\u00e9ctor Stamponi<br \/>\nLyrics: C\u00e1tulo Castillo<\/p>\n<p>Arranged for voice, violin, bandoneon, piano and bass<\/p>\n","protected":false},"featured_media":5303,"comment_status":"closed","ping_status":"closed","template":"","meta":[],"product_brand":[],"product_cat":[116],"product_tag":[],"class_list":{"0":"post-5296","1":"product","2":"type-product","3":"status-publish","4":"has-post-thumbnail","6":"product_cat-voice-tango-quartet","8":"first","9":"instock","10":"sale","11":"downloadable","12":"virtual","13":"purchasable","14":"product-type-simple"},"_links":{"self":[{"href":"https:\/\/www.pedrogiraudo.com\/web\/wp-json\/wp\/v2\/product\/5296","targetHints":{"allow":["GET"]}}],"collection":[{"href":"https:\/\/www.pedrogiraudo.com\/web\/wp-json\/wp\/v2\/product"}],"about":[{"href":"https:\/\/www.pedrogiraudo.com\/web\/wp-json\/wp\/v2\/types\/product"}],"replies":[{"embeddable":true,"href":"https:\/\/www.pedrogiraudo.com\/web\/wp-json\/wp\/v2\/comments?post=5296"}],"wp:featuredmedia":[{"embeddable":true,"href":"https:\/\/www.pedrogiraudo.com\/web\/wp-json\/wp\/v2\/media\/5303"}],"wp:attachment":[{"href":"https:\/\/www.pedrogiraudo.com\/web\/wp-json\/wp\/v2\/media?parent=5296"}],"wp:term":[{"taxonomy":"product_brand","embeddable":true,"href":"https:\/\/www.pedrogiraudo.com\/web\/wp-json\/wp\/v2\/product_brand?post=5296"},{"taxonomy":"product_cat","embeddable":true,"href":"https:\/\/www.pedrogiraudo.com\/web\/wp-json\/wp\/v2\/product_cat?post=5296"},{"taxonomy":"product_tag","embeddable":true,"href":"https:\/\/www.pedrogiraudo.com\/web\/wp-json\/wp\/v2\/product_tag?post=5296"}],"curies":[{"name":"wp","href":"https:\/\/api.w.org\/{rel}","templated":true}]}}